{"id":613,"date":"2024-03-28T17:17:59","date_gmt":"2024-03-28T17:17:59","guid":{"rendered":"https:\/\/tiendatecno.com.ar\/?post_type=product&#038;p=613"},"modified":"2024-03-28T17:27:54","modified_gmt":"2024-03-28T17:27:54","slug":"teclado-funda-para-tablet-7","status":"publish","type":"product","link":"https:\/\/tiendatecno.com.ar\/?product=teclado-funda-para-tablet-7","title":{"rendered":"TECLADO + FUNDA PARA TABLET 7&#8243;"},"content":{"rendered":"<p>FUNDA TABLET 7\u201d, CON TECLADO &#8211; ETM701 &#8211; SOLO COMPATIBLE CON TABLETS QUE TENGAN ENTRADA MICRO USB OTG. VERIFIQUE SU MODELO. &#8211;<\/p>\n<p>Compatible con todas las TABLETS de 7 pulgadas es una excelente protecci\u00f3n para transportar.<\/p>\n<p>&#8211; &#8211; &#8211; &gt; Si tu tablet tiene entrada tipo c tenes que comprar un adaptador tipo C no incluido! &lt; &#8211; &#8211; &#8211;<\/p>\n<p>Especificaciones:<br \/>\n\u2013 Teclado ultra delgado en espa\u00f1ol<br \/>\n\u2013 Conector micro USB BM<br \/>\n\u2013 Tama\u00f1o 23 x 14 cm<br \/>\n\u2013 Teclado en espa\u00f1ol, tipeado c\u00f3modo y \u00e1gil.<br \/>\n\u2013 Pr\u00e1ctico soporte trasero<br \/>\n\u2013 Agarres en \u00e1ngulo con el\u00e1stico<br \/>\n\u2013 Estuche resistente con cierre magn\u00e9tico<br \/>\n\u2013 No requiere instalaci\u00f3n<\/p>\n","protected":false},"excerpt":{"rendered":"<p>FUNDA TABLET 7\u201d, CON TECLADO &#8211; ETM701 &#8211; SOLO COMPATIBLE CON TABLETS QUE TENGAN ENTRADA MICRO USB OTG. VERIFIQUE SU MODELO. &#8211; Compatible con todas las TABLETS de 7 pulgadas es una excelente protecci\u00f3n para transportar. &#8211; &#8211; &#8211; &gt; Si tu tablet tiene entrada tipo c tenes que comprar un adaptador tipo C no [&hellip;]<\/p>\n","protected":false},"featured_media":614,"comment_status":"open","ping_status":"closed","template":"","meta":{"site-sidebar-layout":"default","site-content-layout":"default","ast-site-content-layout":"default","site-content-style":"default","site-sidebar-style":"default","ast-global-header-display":"","ast-banner-title-visibility":"","ast-main-header-display":"","ast-hfb-above-header-display":"","ast-hfb-below-header-display":"","ast-hfb-mobile-header-display":"","site-post-title":"","ast-breadcrumbs-content":"","ast-featured-img":"","footer-sml-layout":"","ast-disable-related-posts":"","theme-transparent-header-meta":"default","adv-header-id-meta":"","stick-header-meta":"default","header-above-stick-meta":"","header-main-stick-meta":"","header-below-stick-meta":"","astra-migrate-meta-layouts":"default","ast-page-background-enabled":"default","ast-page-background-meta":{"desktop":{"background-color":"","background-image":"","background-repeat":"repeat","background-position":"center center","background-size":"auto","background-attachment":"scroll","background-type":"","background-media":"","overlay-type":"","overlay-color":"","overlay-opacity":"","overlay-gradient":""},"tablet":{"background-color":"","background-image":"","background-repeat":"repeat","background-position":"center center","background-size":"auto","background-attachment":"scroll","background-type":"","background-media":"","overlay-type":"","overlay-color":"","overlay-opacity":"","overlay-gradient":""},"mobile":{"background-color":"","background-image":"","background-repeat":"repeat","background-position":"center center","background-size":"auto","background-attachment":"scroll","background-type":"","background-media":"","overlay-type":"","overlay-color":"","overlay-opacity":"","overlay-gradient":""}},"ast-content-background-meta":{"desktop":{"background-color":"var(--ast-global-color-5)","background-image":"","background-repeat":"repeat","background-position":"center center","background-size":"auto","background-attachment":"scroll","background-type":"","background-media":"","overlay-type":"","overlay-color":"","overlay-opacity":"","overlay-gradient":""},"tablet":{"background-color":"var(--ast-global-color-5)","background-image":"","background-repeat":"repeat","background-position":"center center","background-size":"auto","background-attachment":"scroll","background-type":"","background-media":"","overlay-type":"","overlay-color":"","overlay-opacity":"","overlay-gradient":""},"mobile":{"background-color":"var(--ast-global-color-5)","background-image":"","background-repeat":"repeat","background-position":"center center","background-size":"auto","background-attachment":"scroll","background-type":"","background-media":"","overlay-type":"","overlay-color":"","overlay-opacity":"","overlay-gradient":""}},"_joinchat":[]},"product_brand":[],"product_cat":[85],"product_tag":[139,137,138],"class_list":{"0":"post-613","1":"product","2":"type-product","3":"status-publish","4":"has-post-thumbnail","6":"product_cat-cables-y-accesorios","7":"product_tag-estuche-funda","8":"product_tag-tablet-7","9":"product_tag-teclado","10":"align-left","11":"box-shadow-1","12":"box-shadow-3-hover","13":"ast-product-gallery-layout-horizontal","14":"ast-product-gallery-with-no-image","15":"ast-product-tabs-layout-horizontal","17":"first","18":"instock","19":"shipping-taxable","20":"purchasable","21":"product-type-simple"},"_links":{"self":[{"href":"https:\/\/tiendatecno.com.ar\/index.php?rest_route=\/wp\/v2\/product\/613","targetHints":{"allow":["GET"]}}],"collection":[{"href":"https:\/\/tiendatecno.com.ar\/index.php?rest_route=\/wp\/v2\/product"}],"about":[{"href":"https:\/\/tiendatecno.com.ar\/index.php?rest_route=\/wp\/v2\/types\/product"}],"replies":[{"embeddable":true,"href":"https:\/\/tiendatecno.com.ar\/index.php?rest_route=%2Fwp%2Fv2%2Fcomments&post=613"}],"wp:featuredmedia":[{"embeddable":true,"href":"https:\/\/tiendatecno.com.ar\/index.php?rest_route=\/wp\/v2\/media\/614"}],"wp:attachment":[{"href":"https:\/\/tiendatecno.com.ar\/index.php?rest_route=%2Fwp%2Fv2%2Fmedia&parent=613"}],"wp:term":[{"taxonomy":"product_brand","embeddable":true,"href":"https:\/\/tiendatecno.com.ar\/index.php?rest_route=%2Fwp%2Fv2%2Fproduct_brand&post=613"},{"taxonomy":"product_cat","embeddable":true,"href":"https:\/\/tiendatecno.com.ar\/index.php?rest_route=%2Fwp%2Fv2%2Fproduct_cat&post=613"},{"taxonomy":"product_tag","embeddable":true,"href":"https:\/\/tiendatecno.com.ar\/index.php?rest_route=%2Fwp%2Fv2%2Fproduct_tag&post=613"}],"curies":[{"name":"wp","href":"https:\/\/api.w.org\/{rel}","templated":true}]}}