{"id":567,"date":"2024-03-19T15:17:54","date_gmt":"2024-03-19T15:17:54","guid":{"rendered":"https:\/\/tiendatecno.com.ar\/?post_type=product&#038;p=567"},"modified":"2024-03-19T15:19:24","modified_gmt":"2024-03-19T15:19:24","slug":"fuente-550w-gp-p550b-gigabyte","status":"publish","type":"product","link":"https:\/\/tiendatecno.com.ar\/?product=fuente-550w-gp-p550b-gigabyte","title":{"rendered":"FUENTE 550W GP-P550B GIGABYTE"},"content":{"rendered":"<p>    Potencia de salida de 550W.<br \/>\n    Sistema de cableado fijo.<br \/>\n    Fuente de tipo ATX.<br \/>\n    Con certificaci\u00f3n de eficiencia 80 Plus Bronze.<br \/>\n    Di\u00e1metro del ventilador de 120mm.<br \/>\n    Refrigeraci\u00f3n hidr\u00e1ulica.<br \/>\n    Transforma la energ\u00eda.<br \/>\n    De uso imprescindible para el buen funcionamiento de la PC.<\/p>\n","protected":false},"excerpt":{"rendered":"<p>Potencia de salida de 550W. Sistema de cableado fijo. Fuente de tipo ATX. Con certificaci\u00f3n de eficiencia 80 Plus Bronze. Di\u00e1metro del ventilador de 120mm. Refrigeraci\u00f3n hidr\u00e1ulica. Transforma la energ\u00eda. De uso imprescindible para el buen funcionamiento de la PC.<\/p>\n","protected":false},"featured_media":568,"comment_status":"open","ping_status":"closed","template":"","meta":{"site-sidebar-layout":"default","site-content-layout":"default","ast-site-content-layout":"default","site-content-style":"default","site-sidebar-style":"default","ast-global-header-display":"","ast-banner-title-visibility":"","ast-main-header-display":"","ast-hfb-above-header-display":"","ast-hfb-below-header-display":"","ast-hfb-mobile-header-display":"","site-post-title":"","ast-breadcrumbs-content":"","ast-featured-img":"","footer-sml-layout":"","ast-disable-related-posts":"","theme-transparent-header-meta":"default","adv-header-id-meta":"","stick-header-meta":"default","header-above-stick-meta":"","header-main-stick-meta":"","header-below-stick-meta":"","astra-migrate-meta-layouts":"default","ast-page-background-enabled":"default","ast-page-background-meta":{"desktop":{"background-color":"","background-image":"","background-repeat":"repeat","background-position":"center center","background-size":"auto","background-attachment":"scroll","background-type":"","background-media":"","overlay-type":"","overlay-color":"","overlay-opacity":"","overlay-gradient":""},"tablet":{"background-color":"","background-image":"","background-repeat":"repeat","background-position":"center center","background-size":"auto","background-attachment":"scroll","background-type":"","background-media":"","overlay-type":"","overlay-color":"","overlay-opacity":"","overlay-gradient":""},"mobile":{"background-color":"","background-image":"","background-repeat":"repeat","background-position":"center center","background-size":"auto","background-attachment":"scroll","background-type":"","background-media":"","overlay-type":"","overlay-color":"","overlay-opacity":"","overlay-gradient":""}},"ast-content-background-meta":{"desktop":{"background-color":"var(--ast-global-color-5)","background-image":"","background-repeat":"repeat","background-position":"center center","background-size":"auto","background-attachment":"scroll","background-type":"","background-media":"","overlay-type":"","overlay-color":"","overlay-opacity":"","overlay-gradient":""},"tablet":{"background-color":"var(--ast-global-color-5)","background-image":"","background-repeat":"repeat","background-position":"center center","background-size":"auto","background-attachment":"scroll","background-type":"","background-media":"","overlay-type":"","overlay-color":"","overlay-opacity":"","overlay-gradient":""},"mobile":{"background-color":"var(--ast-global-color-5)","background-image":"","background-repeat":"repeat","background-position":"center center","background-size":"auto","background-attachment":"scroll","background-type":"","background-media":"","overlay-type":"","overlay-color":"","overlay-opacity":"","overlay-gradient":""}},"_joinchat":[]},"product_brand":[],"product_cat":[73,93],"product_tag":[105,79,103,104],"class_list":{"0":"post-567","1":"product","2":"type-product","3":"status-publish","4":"has-post-thumbnail","6":"product_cat-componentes-pc","7":"product_cat-coolers","8":"product_tag-550w","9":"product_tag-fuente","10":"product_tag-gigabyte","11":"product_tag-gp-p550b","12":"align-left","13":"box-shadow-1","14":"box-shadow-3-hover","15":"ast-product-gallery-layout-horizontal","16":"ast-product-tabs-layout-horizontal","18":"first","19":"instock","20":"shipping-taxable","21":"purchasable","22":"product-type-simple"},"_links":{"self":[{"href":"https:\/\/tiendatecno.com.ar\/index.php?rest_route=\/wp\/v2\/product\/567","targetHints":{"allow":["GET"]}}],"collection":[{"href":"https:\/\/tiendatecno.com.ar\/index.php?rest_route=\/wp\/v2\/product"}],"about":[{"href":"https:\/\/tiendatecno.com.ar\/index.php?rest_route=\/wp\/v2\/types\/product"}],"replies":[{"embeddable":true,"href":"https:\/\/tiendatecno.com.ar\/index.php?rest_route=%2Fwp%2Fv2%2Fcomments&post=567"}],"wp:featuredmedia":[{"embeddable":true,"href":"https:\/\/tiendatecno.com.ar\/index.php?rest_route=\/wp\/v2\/media\/568"}],"wp:attachment":[{"href":"https:\/\/tiendatecno.com.ar\/index.php?rest_route=%2Fwp%2Fv2%2Fmedia&parent=567"}],"wp:term":[{"taxonomy":"product_brand","embeddable":true,"href":"https:\/\/tiendatecno.com.ar\/index.php?rest_route=%2Fwp%2Fv2%2Fproduct_brand&post=567"},{"taxonomy":"product_cat","embeddable":true,"href":"https:\/\/tiendatecno.com.ar\/index.php?rest_route=%2Fwp%2Fv2%2Fproduct_cat&post=567"},{"taxonomy":"product_tag","embeddable":true,"href":"https:\/\/tiendatecno.com.ar\/index.php?rest_route=%2Fwp%2Fv2%2Fproduct_tag&post=567"}],"curies":[{"name":"wp","href":"https:\/\/api.w.org\/{rel}","templated":true}]}}